{"id":3,"date":"2021-01-20T12:35:37","date_gmt":"2021-01-20T12:35:37","guid":{"rendered":"https:\/\/ris-kranj.si\/trgovina\/?page_id=3"},"modified":"2024-10-22T19:47:14","modified_gmt":"2024-10-22T19:47:14","slug":"privacy-policy","status":"publish","type":"page","link":"https:\/\/ris-kranj.si\/trgovina\/privacy-policy\/","title":{"rendered":"Politika zasebnosti"},"content":{"rendered":"<h2 style=\"text-align: center;\"><strong>Kdo smo<\/strong><\/h2>\n<p style=\"text-align: center;\">Naslov na\u0161ega spletnega mesta je: https:\/\/ris-kranj.si\/trgovina.<\/p>\n<p style=\"text-align: center;\">Katere osebne podatke zbiramo in zakaj jih zbiramosr<br \/>\nKomentarji<\/p>\n<p style=\"text-align: center;\">Ko obiskovalci pustijo komentarje na spletnem mestu, zberemo podatke, prikazane v obrazcu za komentarje, in tudi naslov IP obiskovalca in niz uporabni\u0161kega sredstva brskalnika za pomo\u010d pri odkrivanju ne\u017eelene po\u0161te.<\/p>\n<p style=\"text-align: center;\">Storitvi Gravatar lahko dobite anonimiziran niz, ustvarjen iz va\u0161ega e-po\u0161tnega naslova (imenovan tudi hash), da preveri, ali ga uporabljate. Pravilnik o zasebnosti storitve Gravatar je na voljo tukaj: https:\/\/automattic.com\/privacy\/. Po odobritvi va\u0161ega komentarja je va\u0161a slika profila vidna javnosti v kontekstu va\u0161ega komentarja.<\/p>\n<h3 style=\"text-align: center;\"><strong>Mediji<\/strong><\/h3>\n<p style=\"text-align: center;\">\u010ce nalo\u017eite slike na spletno mesto, se izogibajte nalaganju slik z vklju\u010denimi podatki o lokaciji (EXIF GPS). Obiskovalci spletnega mesta lahko prenesejo in izvle\u010dejo podatke o lokaciji iz slik na spletnem mestu.<\/p>\n<h3 style=\"text-align: center;\"><strong>Kontaktni obrazci<\/strong><br \/>\n<strong>Pi\u0161kotki<\/strong><\/h3>\n<p style=\"text-align: center;\">\u010ce na na\u0161em spletnem mestu pustite komentar, se lahko odlo\u010dite za shranjevanje svojega imena, e-po\u0161tnega naslova in spletnega mesta v pi\u0161kotke. To je za va\u0161e udobje, tako da vam ni treba znova izpolnjevati svojih podatkov, ko pustite nov komentar. Ti pi\u0161kotki bodo trajali eno leto.<\/p>\n<p style=\"text-align: center;\">\u010ce obi\u0161\u010dete na\u0161o prijavno stran, bomo nastavili za\u010dasni pi\u0161kotek, da ugotovimo, ali va\u0161 brskalnik sprejema pi\u0161kotke. Ta pi\u0161kotek ne vsebuje osebnih podatkov in se zavr\u017ee, ko zaprete brskalnik.<\/p>\n<p style=\"text-align: center;\">Ko se prijavite, bomo nastavili tudi ve\u010d pi\u0161kotkov, da shranimo va\u0161e podatke za prijavo in izbire zaslona. Pi\u0161kotki za prijavo trajajo dva dni, pi\u0161kotki z mo\u017enostmi zaslona pa eno leto. \u010ce izberete \u00bbZapomni si me\u00ab, bo va\u0161a prijava trajala dva tedna. \u010ce se odjavite iz ra\u010duna, bodo pi\u0161kotki za prijavo odstranjeni.<\/p>\n<p style=\"text-align: center;\">\u010ce uredite ali objavite \u010dlanek, se v va\u0161 brskalnik shrani dodaten pi\u0161kotek. Ta pi\u0161kotek ne vsebuje osebnih podatkov in preprosto navaja ID objave \u010dlanka, ki ste ga pravkar uredili. Pote\u010de po 1 dnevu.<\/p>\n<p style=\"text-align: center;\">Vdelana vsebina z drugih spletnih mest<\/p>\n<p style=\"text-align: center;\">\u010clanki na tem spletnem mestu lahko vklju\u010dujejo vdelano vsebino (npr. Videoposnetke, slike, \u010dlanke itd.). Vdelana vsebina z drugih spletnih mest se obna\u0161a popolnoma enako, kot \u010de bi obiskovalec obiskal drugo spletno stran.<\/p>\n<p style=\"text-align: center;\">Ta spletna mesta lahko zbirajo podatke o vas, uporabljajo pi\u0161kotke, vgrajujejo dodatno sledenje tretjih oseb in spremljajo va\u0161o interakcijo s to vdelano vsebino, vklju\u010dno s sledenjem va\u0161i interakciji z vdelano vsebino, \u010de imate ra\u010dun in ste prijavljeni na to spletno mesto.<\/p>\n<h3 style=\"text-align: center;\"><strong>Analitika<\/strong><br \/>\n<strong>S kom delimo va\u0161e podatke<\/strong><\/h3>\n<p style=\"text-align: center;\">\u010ce zahtevate ponastavitev gesla, bo va\u0161 naslov IP vklju\u010den v e-po\u0161tno sporo\u010dilo za ponastavitev.<\/p>\n<p style=\"text-align: center;\">Za varovanje spletne strani uporabljamo za\u0161\u010dito Jatpack, ki preverja va\u0161e gibanje na spletnem mestu.<\/p>\n<h3 style=\"text-align: center;\"><strong>Kako dolgo hranimo va\u0161e podatke<\/strong><\/h3>\n<p style=\"text-align: center;\">\u010ce pustite komentar, se komentar in njegovi metapodatki ohranijo za nedolo\u010den \u010das. Tako lahko samodejno prepoznamo in odobrimo nadaljnje komentarje, namesto da bi jih zadr\u017eali v \u010dakalni vrsti za moderiranje.<\/p>\n<p style=\"text-align: center;\">Za uporabnike, ki se registrirajo na na\u0161em spletnem mestu (\u010de obstajajo), osebne podatke, ki jih navedejo, shranimo tudi v njihov uporabni\u0161ki profil. Vsi uporabniki lahko kadar koli vidijo, urejajo ali izbri\u0161ejo svoje osebne podatke (razen, da ne morejo spremeniti uporabni\u0161kega imena). Skrbniki spletnih mest lahko te podatke tudi vidijo in urejajo.<\/p>\n<h3 style=\"text-align: center;\"><strong>Kak\u0161ne pravice imate do svojih podatkov<\/strong><\/h3>\n<p style=\"text-align: center;\">\u010ce imate ra\u010dun na tem spletnem mestu ali ste pustili komentarje, lahko zahtevate, da prejmete izvo\u017eeno datoteko osebnih podatkov, ki jih imamo o vas, vklju\u010dno s podatki, ki ste nam jih posredovali. Prav tako lahko zahtevate, da izbri\u0161emo vse osebne podatke, ki jih imamo o vas. To ne vklju\u010duje nobenih podatkov, ki jih moramo hraniti za upravne, pravne ali varnostne namene.<\/p>\n<h3 style=\"text-align: center;\"><strong>Kam po\u0161ljemo va\u0161e podatke<\/strong><\/h3>\n<p style=\"text-align: center;\">Komentarje obiskovalcev lahko preverite s pomo\u010djo avtomatizirane storitve zaznavanja ne\u017eelene po\u0161te.<\/p>\n<h3 style=\"text-align: center;\"><strong>Kontaktni podatki<\/strong><\/h3>\n<p style=\"text-align: center;\">RIS RA\u010cUNOVODSTVO d.o.o.,<\/p>\n<p style=\"text-align: center;\">Cesta na Klanec 8H, Kranj, 4000 Kranj<\/p>\n<p style=\"text-align: center;\">Telefon: (<span class=\"phone\"><a href=\"tel:042335660\">042335660<\/a><\/span>,\u00a0<span class=\"phone\"><a href=\"tel:+38642335660\">+38642335660<\/a><\/span>)<\/p>\n<p style=\"text-align: center;\">E-naslov: <a href=\"mailto:ris.kranj@siol.net\">ris.kranj@siol.net<\/a><\/p>\n<h3 style=\"text-align: center;\"><strong>Kako varujemo va\u0161e podatke<\/strong><\/h3>\n<p style=\"text-align: center;\"><span data-contrast=\"none\">Osebne podatke, ki se jih z osebno in eksplicitno privolitvijo zaupali Ris ra\u010dunovodstvo d.o.o.<\/span><\/p>\n<p style=\"text-align: center;\"><span data-contrast=\"none\">z ob registraciji, prijavi na e-novice, prenosu e-publikacij ali z oddajo povpra\u0161evanja, hranimo do va\u0161ega preklica.\u00a0<\/span><span data-ccp-props=\"{\">\u00a0<\/span><\/p>\n<p style=\"text-align: center;\"><span data-contrast=\"none\">Va\u0161e soglasje za zbiranje in obdelavo osebnih podatkov lahko kadarkoli prekli\u010dete. Preklic soglasja ne vpliva na zakonitost zbiranja in obdelave podatkov pred preklicem. Vse ostale osebne podatke v okviru pogodbenega sodelovanja hranimo v skladu z veljavno zakonodajo.\u00a0<\/span><\/p>\n<p style=\"text-align: center;\"><span data-contrast=\"none\">Za zagotavljanje varovanja osebnih podatkov skrbimo ve\u010dplastno. Osebne podatke hranimo v digitalni obliki, na\u0161i ra\u010dunalni\u0161ki sistemi so za\u0161\u010diteni s tehni\u010dnimi in organizacijskimi ukrepi, ki prepre\u010dujejo nenamerno ali nezakonito uni\u010denje, izgubo, spremembo in nepoobla\u0161\u010deno razkritje ali dostop do va\u0161ih osebnih podatkov.<\/span><span data-ccp-props=\"{\">\u00a0<\/span><\/p>\n<p style=\"text-align: center;\"><span data-contrast=\"auto\">Podatke, ki jih zbiramo, hranimo na varnih stre\u017enikih<\/span><span data-contrast=\"auto\">\u00a0Neoserv.si<\/span><span data-contrast=\"auto\">\u00a0do va\u0161ega preklica, vendar ne dlje, kot traja maksimalna doba hrambe. Ustrezno so varovani tudi poslovni prostori, oprema in sistemsko programska oprema, vklju\u010dno z vhodno-izhodnimi enotami.<\/span><span data-ccp-props=\"{\">\u00a0<\/span><\/p>\n<h3 style=\"text-align: center;\"><strong>Katere postopke za kr\u0161itev podatkov imamo vzpostavljene<\/strong><\/h3>\n<p style=\"text-align: center;\"><span data-contrast=\"none\">Podjetje\u00a0<\/span><span data-contrast=\"none\">Ris ra\u010dunovodstvo d.o.o<\/span><span data-contrast=\"none\">.\u00a0<\/span><span data-contrast=\"none\">bo v primeru kr\u0161itev varstva osebnih podatkov nemudoma izvedlo vse notranje in zunanje ukrepe (tehni\u010dne, organizacijske) za za\u0161\u010dito pravic in interesov posameznika.\u00a0<\/span><span data-contrast=\"none\">Vsakega od prizadetih bo o morebitnih kr\u0161itvah obvestilo, prav tako bo s tem seznanilo pristojni nadzorni organ v Republiki Sloveniji.\u00a0<\/span><\/p>\n<h3 style=\"text-align: center;\"><strong>Kak\u0161no avtomatizirano odlo\u010danje in \/ ali profiliranje po\u010dnemo z uporabni\u0161kimi podatki<\/strong><\/h3>\n<p style=\"text-align: center;\">Uredba GDPR Upravljavcu nalaga dol\u017enost obve\u0161\u010danja o avtomatiziranem sprejemanju odlo\u010ditev, vklju\u010dno z oblikovanjem profilov, ki je navedeno v 22. \u010dlenu odst. 1 in 4 Uredbe o GDPR in \u2013 vsaj v teh primerih \u2013 pomembne informacije o pravilih njihovega sprejemanja ter pomenu in predvidenih posledicah take obdelave za posameznika, na katerega se nana\u0161ajo osebni podatki. Zato Upravljavec v tej to\u010dki pravilnika o varovanju osebnih podatkov predstavlja informacije o mo\u017enem oblikovanju profilov.<\/p>\n<p style=\"text-align: center;\">Upravljavec lahko uporabi profiliranje za namene neposrednega tr\u017eenja v Spleti\u0161\u010du, vendar odlo\u010ditve, ki jih na njegovi podlagi sprejme Upravljavec, ne zadevajo sklenitve ali zavrnitve sklenitve Prodajne Pogodbe ali mo\u017enosti uporabe Elektronskih Storitev v Spleti\u0161\u010du. U\u010dinek uporabe profiliranja v Spleti\u0161\u010du je lahko, na primer, priznanje popusta dolo\u010deni osebi, po\u0161iljanje kode za<br \/>\npopust, opozarjanje na nedokon\u010dane nakupe, predlo\u017eitev predloga izdelka, ki lahko ustreza interesom ali \u017eeljam dolo\u010dene osebe ali ponudba bolj\u0161ih pogojev v primerjavi s standardno ponudbo. Kljub profiliranju dana oseba svobodno odlo\u010da, ali \u017eeli izkoristiti na ta na\u010din pridobljen popust ali bolj\u0161e pogoje in opraviti nakup v Spleti\u0161\u010du.<\/p>\n<p style=\"text-align: center;\">Profiliranje v Spleti\u0161\u010du temelji na samodejni analizi ali napovedi obna\u0161anja dolo\u010dene osebe na strani Spleti\u0161\u010da, npr. z dodajanjem dolo\u010denega izdelka v nakupovalni vozi\u010dek, brskanjem po dolo\u010deni strani izdelka v Spletu ali z analizo prej\u0161nje zgodovine nakupov v Spleti\u0161\u010du. Pogoj takega profiliranja je, da Upravljavec poseduje osebne podatke dolo\u010dene osebe, da bi ji nato lahko poslal npr. kodo za popust.<\/p>\n<h3 style=\"text-align: center;\"><strong>Zahteve za razkritje zakonodajnih predpisov<\/strong><\/h3>\n<p style=\"text-align: center;\"><span data-contrast=\"none\">Skladno z veljavno zakonodajo ima posameznik pravico dano privolitev kadarkoli preklicati, zahtevati vpogled, popravek, omejitev obdelave ali izbris osebnih podatkov.\u00a0<\/span><span data-ccp-props=\"{\">\u00a0<\/span><\/p>\n<p style=\"text-align: center;\"><span data-contrast=\"none\">Privolitev za obdelavo osebnih podatkov lahko kadarkoli prekli\u010dete. V ta namen nam lahko va\u0161 zahtevek kadarkoli po\u0161ljete na elektronski naslov\u00a0<\/span><span data-contrast=\"none\">jernej.krumpestar@gmail.com<\/span><span data-contrast=\"none\">, ali z navadno po\u0161to na naslov\u00a0<\/span><span data-contrast=\"none\">Ra\u010dunalni\u0161ko programiranje, Jernej Krumpestar\u00a0<\/span><span data-contrast=\"none\">s.p<\/span><span data-contrast=\"none\">.<\/span><span data-contrast=\"none\">,\u00a0<\/span><span data-contrast=\"none\">Stor\u017ei\u0161ka ulica,30 \u2013 Kranj<\/span><span data-contrast=\"none\">.\u00a0<\/span><span data-ccp-props=\"{\">\u00a0<\/span><\/p>\n<p style=\"text-align: center;\"><span data-contrast=\"none\">Na navedeni naslov lahko posameznik poda tudi prito\u017ebo v zvezi z obdelavo njegovih osebnih podatkov.\u00a0<\/span><span data-ccp-props=\"{\">\u00a0<\/span><\/p>\n<p style=\"text-align: center;\"><span data-contrast=\"none\">Posameznik pa lahko prito\u017ebo glede obdelave njegovih osebnih podatkov poda tudi neposredno pristojnemu nadzornemu organu, tj. Informacijskemu poobla\u0161\u010dencu Republike Slovenije.<\/span><span data-ccp-props=\"{\">\u00a0<\/span><\/p>\n","protected":false},"excerpt":{"rendered":"<p>Kdo smo Naslov na\u0161ega spletnega mesta je: https:\/\/ris-kranj.si\/trgovina. Katere osebne podatke zbiramo in zakaj jih zbiramosr Komentarji Ko obiskovalci pustijo komentarje na spletnem mestu, zberemo podatke, prikazane v obrazcu za komentarje, in tudi naslov IP obiskovalca in niz uporabni\u0161kega sredstva brskalnika za pomo\u010d pri odkrivanju ne\u017eelene po\u0161te. Storitvi Gravatar lahko dobite anonimiziran niz, ustvarjen iz [&hellip;]<\/p>\n","protected":false},"author":1,"featured_media":0,"parent":0,"menu_order":0,"comment_status":"closed","ping_status":"open","template":"","meta":{"footnotes":""},"class_list":["post-3","page","type-page","status-publish","hentry"],"_links":{"self":[{"href":"https:\/\/ris-kranj.si\/trgovina\/wp-json\/wp\/v2\/pages\/3","targetHints":{"allow":["GET"]}}],"collection":[{"href":"https:\/\/ris-kranj.si\/trgovina\/wp-json\/wp\/v2\/pages"}],"about":[{"href":"https:\/\/ris-kranj.si\/trgovina\/wp-json\/wp\/v2\/types\/page"}],"author":[{"embeddable":true,"href":"https:\/\/ris-kranj.si\/trgovina\/wp-json\/wp\/v2\/users\/1"}],"replies":[{"embeddable":true,"href":"https:\/\/ris-kranj.si\/trgovina\/wp-json\/wp\/v2\/comments?post=3"}],"version-history":[{"count":1,"href":"https:\/\/ris-kranj.si\/trgovina\/wp-json\/wp\/v2\/pages\/3\/revisions"}],"predecessor-version":[{"id":16,"href":"https:\/\/ris-kranj.si\/trgovina\/wp-json\/wp\/v2\/pages\/3\/revisions\/16"}],"wp:attachment":[{"href":"https:\/\/ris-kranj.si\/trgovina\/wp-json\/wp\/v2\/media?parent=3"}],"curies":[{"name":"wp","href":"https:\/\/api.w.org\/{rel}","templated":true}]}}